{"id":658,"date":"2022-02-20T05:44:47","date_gmt":"2022-02-20T05:44:47","guid":{"rendered":"https:\/\/startersites.io\/stagingthree\/?page_id=658"},"modified":"2025-07-08T14:57:13","modified_gmt":"2025-07-08T14:57:13","slug":"contact","status":"publish","type":"page","link":"https:\/\/modaparkyapi.com\/index.php\/contact\/","title":{"rendered":"\u0130LET\u0130\u015e\u0130M"},"content":{"rendered":"\n<div class=\"wp-block-stackable-spacer stk-block-spacer stk--no-padding stk-block stk-6090630\" data-block-id=\"6090630\"><style>.stk-6090630 {height:36px !important;}@media screen and (max-width:999px){.stk-6090630 {height:80px !important;}}<\/style><\/div>\n\n\n\n<div class=\"wp-block-stackable-heading stk-block-heading stk-block-heading--v2 stk-block stk-41f6f5a\" id=\"bize-ulasin\" data-block-id=\"41f6f5a\"><style>.stk-41f6f5a {margin-bottom:16px !important;}.stk-41f6f5a .stk-block-heading__text{line-height:1.2em !important;}<\/style><h2 class=\"stk-block-heading__text has-text-align-center\">B\u0130ZE ULA\u015eIN !<\/h2><\/div>\n\n\n\n<div class=\"wp-block-stackable-text stk-block-text stk-block stk-8e78d5e\" data-block-id=\"8e78d5e\"><style>.stk-8e78d5e {margin-bottom:0px !important;}<\/style><p class=\"stk-block-text__text has-text-align-center\">Projeni hayal et biz ger\u00e7ekle\u015ftirelim.<\/p><\/div>\n\n\n\n<div class=\"wp-block-stackable-spacer stk-block-spacer stk--no-padding stk-block stk-54e71a5\" data-block-id=\"54e71a5\"><style>.stk-54e71a5 {height:30px !important;}@media screen and (max-width:999px){.stk-54e71a5 {height:50px !important;}}<\/style><\/div>\n\n\n\n<div class=\"wp-block-stackable-columns stk-block-columns stk-block stk-a5bc981\" data-block-id=\"a5bc981\"><style>.stk-a5bc981 {margin-bottom:0px !important;}.stk-a5bc981-column{--stk-column-gap:35px !important;row-gap:50px !important;}<\/style><div class=\"stk-row stk-inner-blocks stk-block-content stk-content-align stk-a5bc981-column\">\n<div class=\"wp-block-stackable-column stk-block-column stk-column stk-block stk-622c7a4 stk-block-background\" data-v=\"4\" data-block-id=\"622c7a4\"><style>.stk-622c7a4-container{margin-top:0px !important;margin-right:0px !important;margin-bottom:0px !important;margin-left:0px !important;}.stk-622c7a4 {background-color:var(--theme-palette-color-8, #ffffff) !important;border-radius:12px !important;overflow:hidden !important;box-shadow:0px 20px 80px 0px #6872791a !important;padding-top:35px !important;padding-right:35px !important;padding-bottom:50px !important;padding-left:35px !important;}.stk-622c7a4:before{background-color:var(--theme-palette-color-8, #ffffff) !important;}@media screen and (min-width:690px){.stk-622c7a4 {flex:var(--stk-flex-grow, 1) 1 calc(35.3% - var(--stk-column-gap, 0px) * 2 \/ 3 ) !important;}}@media screen and (max-width:999px){.stk-622c7a4 {padding-top:35px !important;padding-right:35px !important;padding-bottom:35px !important;padding-left:35px !important;}}<\/style><div class=\"stk-column-wrapper stk-block-column__content stk-container stk-622c7a4-container stk--no-background stk--no-padding\"><div class=\"has-text-align-center stk-block-content stk-inner-blocks stk-622c7a4-inner-blocks\">\n<div class=\"wp-block-stackable-icon stk-block-icon has-text-align-center stk-block stk-ea85267\" data-block-id=\"ea85267\"><style>.stk-ea85267 {margin-bottom:25px !important;}.stk-ea85267 .stk--svg-wrapper .stk--inner-svg svg:last-child{height:30px !important;width:30px !important;}.stk-ea85267 .stk--svg-wrapper .stk--inner-svg svg:last-child, .stk-ea85267 .stk--svg-wrapper .stk--inner-svg svg:last-child :is(g, path, rect, polygon, ellipse){fill:var(--theme-palette-color-2, #f7b500) !important;}<\/style><span class=\"stk--svg-wrapper\"><div class=\"stk--inner-svg\"><svg style=\"height:0;width:0\"><defs><linearGradient id=\"linear-gradient-ea85267\" x1=\"0\" x2=\"100%\" y1=\"0\" y2=\"0\"><stop offset=\"0%\" style=\"stop-opacity:1;stop-color:var(--linear-gradient-ea-85267-color-1)\"><\/stop><stop offset=\"100%\" style=\"stop-opacity:1;stop-color:var(--linear-gradient-ea-85267-color-2)\"><\/stop><\/linearGradient><\/defs><\/svg><svg aria-hidden=\"true\" focusable=\"false\" data-prefix=\"fas\" data-icon=\"map-marker-alt\" class=\"svg-inline--fa fa-map-marker-alt fa-w-12\" xmlns=\"http:\/\/www.w3.org\/2000\/svg\" viewBox=\"0 0 384 512\" width=\"32\" height=\"32\"><path fill=\"currentColor\" d=\"M172.268 501.67C26.97 291.031 0 269.413 0 192 0 85.961 85.961 0 192 0s192 85.961 192 192c0 77.413-26.97 99.031-172.268 309.67-9.535 13.774-29.93 13.773-39.464 0zM192 272c44.183 0 80-35.817 80-80s-35.817-80-80-80-80 35.817-80 80 35.817 80 80 80z\"><\/path><\/svg><\/div><\/span><\/div>\n\n\n\n<div class=\"wp-block-stackable-heading stk-block-heading stk-block-heading--v2 stk-block stk-592ef48\" id=\"adres\" data-block-id=\"592ef48\"><style>.stk-592ef48 {margin-bottom:8px !important;}<\/style><h5 class=\"stk-block-heading__text\">Adres<\/h5><\/div>\n\n\n\n<p class=\"has-text-align-center\">Dumlup\u0131nar Mah. Kuzu Sitesi A Blok Giri\u015f Kat Afyon\/Merkez<\/p>\n<\/div><\/div><\/div>\n\n\n\n<div class=\"wp-block-stackable-column stk-block-column stk-column stk-block stk-92b5a22 stk-block-background\" data-v=\"4\" data-block-id=\"92b5a22\"><style>.stk-92b5a22-container{margin-top:0px !important;margin-right:0px !important;margin-bottom:0px !important;margin-left:0px !important;}.stk-92b5a22 {background-color:var(--theme-palette-color-8, #ffffff) !important;border-radius:12px !important;overflow:hidden !important;box-shadow:0px 20px 80px 0px #6872791a !important;padding-top:35px !important;padding-right:35px !important;padding-bottom:50px !important;padding-left:35px !important;}.stk-92b5a22:before{background-color:var(--theme-palette-color-8, #ffffff) !important;}@media screen and (min-width:690px){.stk-92b5a22 {flex:var(--stk-flex-grow, 1) 1 calc(31.36700000000002% - var(--stk-column-gap, 0px) * 2 \/ 3 ) !important;}}@media screen and (max-width:999px){.stk-92b5a22 {padding-top:35px !important;padding-right:35px !important;padding-bottom:35px !important;padding-left:35px !important;}}<\/style><div class=\"stk-column-wrapper stk-block-column__content stk-container stk-92b5a22-container stk--no-background stk--no-padding\"><div class=\"has-text-align-center stk-block-content stk-inner-blocks stk-92b5a22-inner-blocks\">\n<div class=\"wp-block-stackable-icon stk-block-icon has-text-align-center stk-block stk-d34828e\" data-block-id=\"d34828e\"><style>.stk-d34828e {margin-bottom:25px !important;}.stk-d34828e .stk--svg-wrapper .stk--inner-svg svg:last-child{height:30px !important;width:30px !important;}.stk-d34828e .stk--svg-wrapper .stk--inner-svg svg:last-child, .stk-d34828e .stk--svg-wrapper .stk--inner-svg svg:last-child :is(g, path, rect, polygon, ellipse){fill:var(--theme-palette-color-2, #f7b500) !important;}<\/style><span class=\"stk--svg-wrapper\"><div class=\"stk--inner-svg\"><svg style=\"height:0;width:0\"><defs><linearGradient id=\"linear-gradient-d34828e\" x1=\"0\" x2=\"100%\" y1=\"0\" y2=\"0\"><stop offset=\"0%\" style=\"stop-opacity:1;stop-color:var(--linear-gradient-d-34828-e-color-1)\"><\/stop><stop offset=\"100%\" style=\"stop-opacity:1;stop-color:var(--linear-gradient-d-34828-e-color-2)\"><\/stop><\/linearGradient><\/defs><\/svg><svg aria-hidden=\"true\" focusable=\"false\" data-prefix=\"fas\" data-icon=\"clock\" class=\"svg-inline--fa fa-clock fa-w-16\" xmlns=\"http:\/\/www.w3.org\/2000\/svg\" viewBox=\"0 0 512 512\" width=\"32\" height=\"32\"><path fill=\"currentColor\" d=\"M256,8C119,8,8,119,8,256S119,504,256,504,504,393,504,256,393,8,256,8Zm92.49,313h0l-20,25a16,16,0,0,1-22.49,2.5h0l-67-49.72a40,40,0,0,1-15-31.23V112a16,16,0,0,1,16-16h32a16,16,0,0,1,16,16V256l58,42.5A16,16,0,0,1,348.49,321Z\"><\/path><\/svg><\/div><\/span><\/div>\n\n\n\n<div class=\"wp-block-stackable-heading stk-block-heading stk-block-heading--v2 stk-block stk-9334345\" id=\"calisma-saatleri\" data-block-id=\"9334345\"><style>.stk-9334345 {margin-bottom:8px !important;}<\/style><h5 class=\"stk-block-heading__text\">\u00c7al\u0131\u015fma Saatleri<\/h5><\/div>\n\n\n\n<p class=\"has-text-align-center\">Pazartesi-Cumartesi: 09.00 \/  19.00<br>Pazar: KAPALI<\/p>\n<\/div><\/div><\/div>\n\n\n\n<div class=\"wp-block-stackable-column stk-block-column stk-column stk-block stk-5dedb98 stk-block-background\" data-v=\"4\" data-block-id=\"5dedb98\"><style>.stk-5dedb98-container{margin-top:0px !important;margin-right:0px !important;margin-bottom:0px !important;margin-left:0px !important;}.stk-5dedb98 {background-color:var(--theme-palette-color-8, #ffffff) !important;border-radius:12px !important;overflow:hidden !important;box-shadow:0px 20px 80px 0px #6872791a !important;padding-top:35px !important;padding-right:35px !important;padding-bottom:50px !important;padding-left:35px !important;}.stk-5dedb98:before{background-color:var(--theme-palette-color-8, #ffffff) !important;}@media screen and (min-width:690px){.stk-5dedb98 {flex:var(--stk-flex-grow, 1) 1 calc(33.333% - var(--stk-column-gap, 0px) * 2 \/ 3 ) !important;}}@media screen and (max-width:999px){.stk-5dedb98 {padding-top:35px !important;padding-right:35px !important;padding-bottom:35px !important;padding-left:35px !important;}}<\/style><div class=\"stk-column-wrapper stk-block-column__content stk-container stk-5dedb98-container stk--no-background stk--no-padding\"><div class=\"has-text-align-center stk-block-content stk-inner-blocks stk-5dedb98-inner-blocks\">\n<div class=\"wp-block-stackable-icon stk-block-icon has-text-align-center stk-block stk-a02b7b8\" data-block-id=\"a02b7b8\"><style>.stk-a02b7b8 {margin-bottom:25px !important;}.stk-a02b7b8 .stk--svg-wrapper .stk--inner-svg svg:last-child{height:30px !important;width:30px !important;}.stk-a02b7b8 .stk--svg-wrapper .stk--inner-svg svg:last-child, .stk-a02b7b8 .stk--svg-wrapper .stk--inner-svg svg:last-child :is(g, path, rect, polygon, ellipse){fill:var(--theme-palette-color-2, #f7b500) !important;}<\/style><span class=\"stk--svg-wrapper\"><div class=\"stk--inner-svg\"><svg style=\"height:0;width:0\"><defs><linearGradient id=\"linear-gradient-a02b7b8\" x1=\"0\" x2=\"100%\" y1=\"0\" y2=\"0\"><stop offset=\"0%\" style=\"stop-opacity:1;stop-color:var(--linear-gradient-a-02-b-7-b-8-color-1)\"><\/stop><stop offset=\"100%\" style=\"stop-opacity:1;stop-color:var(--linear-gradient-a-02-b-7-b-8-color-2)\"><\/stop><\/linearGradient><\/defs><\/svg><svg aria-hidden=\"true\" focusable=\"false\" data-prefix=\"fas\" data-icon=\"mobile\" class=\"svg-inline--fa fa-mobile fa-w-10\" xmlns=\"http:\/\/www.w3.org\/2000\/svg\" viewBox=\"0 0 320 512\" width=\"32\" height=\"32\"><path fill=\"currentColor\" d=\"M272 0H48C21.5 0 0 21.5 0 48v416c0 26.5 21.5 48 48 48h224c26.5 0 48-21.5 48-48V48c0-26.5-21.5-48-48-48zM160 480c-17.7 0-32-14.3-32-32s14.3-32 32-32 32 14.3 32 32-14.3 32-32 32z\"><\/path><\/svg><\/div><\/span><\/div>\n\n\n\n<div class=\"wp-block-stackable-heading stk-block-heading stk-block-heading--v2 stk-block stk-583731d\" id=\"telefon\" data-block-id=\"583731d\"><style>.stk-583731d {margin-bottom:8px !important;}<\/style><h5 class=\"stk-block-heading__text\">Telefon<\/h5><\/div>\n\n\n\n<p class=\"has-text-align-center has-medium-font-size\">0532 065 92 83<\/p>\n<\/div><\/div><\/div>\n<\/div><\/div>\n\n\n\n<div class=\"wp-block-stackable-spacer stk-block-spacer stk--no-padding stk-block stk-6a8268d\" data-block-id=\"6a8268d\"><style>.stk-6a8268d {height:50px !important;}@media screen and (max-width:999px){.stk-6a8268d {height:80px !important;}}<\/style><\/div>\n\n\n\n<div class=\"wp-block-stackable-heading stk-block-heading stk-block-heading--v2 stk-block stk-45e6a53\" id=\"bize-ulasin\" data-block-id=\"45e6a53\"><style>.stk-45e6a53 {margin-bottom:16px !important;}.stk-45e6a53 .stk-block-heading__text{line-height:1.2em !important;}<\/style><h2 class=\"stk-block-heading__text has-text-align-center\">B\u0130ZE ULA\u015eIN<\/h2><\/div>\n\n\n\n<div class=\"wp-block-stackable-text stk-block-text stk-block stk-0ced47d\" data-block-id=\"0ced47d\"><style>.stk-0ced47d {margin-bottom:0px !important;}.stk-0ced47d .stk-block-text__text{font-size:25px !important;}@media screen and (max-width:999px){.stk-0ced47d .stk-block-text__text{font-size:25px !important;}}<\/style><p class=\"stk-block-text__text has-text-align-center\">Size hayalinizdeki ya\u015fam alan\u0131n\u0131 sunmak i\u00e7in buraday\u0131z. Projelerimiz hakk\u0131nda bilgi almak, teklif istemek veya bir randevu planlamak i\u00e7in bizimle diledi\u011finiz zaman ileti\u015fime ge\u00e7ebilirsiniz.<\/p><\/div>\n\n\n\n<div class=\"wp-block-stackable-spacer stk-block-spacer stk--no-padding stk-block stk-0285952\" data-block-id=\"0285952\"><style>.stk-0285952 {height:21px !important;}@media screen and (max-width:999px){.stk-0285952 {height:50px !important;}}<\/style><\/div>\n\n\n\n<div class=\"wp-block-stackable-columns stk-block-columns stk-block stk-0d2d598\" data-block-id=\"0d2d598\"><style>.stk-0d2d598 {margin-bottom:0px !important;}<\/style><div class=\"stk-row stk-inner-blocks stk-block-content stk-content-align stk-0d2d598-column\">\n<div class=\"wp-block-stackable-column stk-block-column stk-column stk-block stk-1bf830e\" data-v=\"4\" data-block-id=\"1bf830e\"><style>.stk-1bf830e-container{margin-top:0px !important;margin-right:auto !important;margin-bottom:0px !important;margin-left:auto !important;max-width:750px !important;min-width:auto !important;}<\/style><div class=\"stk-column-wrapper stk-block-column__content stk-container stk-1bf830e-container stk--no-background stk--no-padding\"><div class=\"stk-block-content stk-inner-blocks stk-1bf830e-inner-blocks\"><\/div><\/div><\/div>\n<\/div><\/div>\n\n\n\n<div class=\"wp-block-stackable-spacer stk-block-spacer stk--no-padding stk-block stk-448670c\" data-block-id=\"448670c\"><style>.stk-448670c {height:35px !important;}@media screen and (max-width:999px){.stk-448670c {height:80px !important;}}<\/style><\/div>\n\n\n\n<div class=\"wp-block-stackable-map stk-block-map stk-block stk-11c4104\" data-block-id=\"11c4104\"><iframe\n\t\t\t\t\t\ttitle=\"Embedded content from Google Maps Platform.\"\n\t\t\t\t\t\tsrc=\"https:\/\/maps.google.com\/maps?q=Dumlup\u0131nar mah. kuzu sitesi a blok giri\u015f kat&#038;t=&#038;z=12&#038;ie=UTF8&#038;output=embed\"\n\t\t\t\t\t\tstyle=\"border:0;width:100%;max-width:none;max-height:none;height:100%;\"\n\t\t\t\t\t\taria-hidden=\"false\"\n\t\t\t\t\t\ttabIndex=\"0\"\n\t\t\t\t\t\tallowfullscreen\n\t\t\t\t\t\tloading=\"lazy\"\n\t\t\t\t\t\tframeBorder=\"0\"\n\t\t\t\t\t><\/iframe><\/div>\n","protected":false},"excerpt":{"rendered":"<p>B\u0130ZE ULA\u015eIN ! Projeni hayal et biz ger\u00e7ekle\u015ftirelim. Adres Dumlup\u0131nar Mah. Kuzu Sitesi A Blok Giri\u015f Kat Afyon\/Merkez \u00c7al\u0131\u015fma Saatleri Pazartesi-Cumartesi: 09.00 \/ 19.00Pazar: KAPALI Telefon 0532 065 92 83 B\u0130ZE ULA\u015eIN Size hayalinizdeki ya\u015fam alan\u0131n\u0131 sunmak i\u00e7in buraday\u0131z. Projelerimiz hakk\u0131nda bilgi almak, teklif istemek veya bir randevu planlamak i\u00e7in bizimle diledi\u011finiz zaman ileti\u015fime ge\u00e7ebilirsiniz.<\/p>\n","protected":false},"author":1,"featured_media":967,"parent":0,"menu_order":0,"comment_status":"closed","ping_status":"closed","template":"","meta":{"_uag_custom_page_level_css":"","footnotes":""},"class_list":["post-658","page","type-page","status-publish","has-post-thumbnail","hentry"],"blocksy_meta":{"styles_descriptor":{"styles":{"desktop":"","tablet":"","mobile":""},"google_fonts":[],"version":6}},"uagb_featured_image_src":{"full":["https:\/\/modaparkyapi.com\/wp-content\/uploads\/2025\/07\/WhatsApp-Image-2025-07-07-at-19.23.26-3.jpeg",1600,1280,false],"thumbnail":["https:\/\/modaparkyapi.com\/wp-content\/uploads\/2025\/07\/WhatsApp-Image-2025-07-07-at-19.23.26-3-150x150.jpeg",150,150,true],"medium":["https:\/\/modaparkyapi.com\/wp-content\/uploads\/2025\/07\/WhatsApp-Image-2025-07-07-at-19.23.26-3-300x240.jpeg",300,240,true],"medium_large":["https:\/\/modaparkyapi.com\/wp-content\/uploads\/2025\/07\/WhatsApp-Image-2025-07-07-at-19.23.26-3-768x614.jpeg",768,614,true],"large":["https:\/\/modaparkyapi.com\/wp-content\/uploads\/2025\/07\/WhatsApp-Image-2025-07-07-at-19.23.26-3-1024x819.jpeg",1024,819,true],"1536x1536":["https:\/\/modaparkyapi.com\/wp-content\/uploads\/2025\/07\/WhatsApp-Image-2025-07-07-at-19.23.26-3-1536x1229.jpeg",1536,1229,true],"2048x2048":["https:\/\/modaparkyapi.com\/wp-content\/uploads\/2025\/07\/WhatsApp-Image-2025-07-07-at-19.23.26-3.jpeg",1600,1280,false]},"uagb_author_info":{"display_name":"admin","author_link":"https:\/\/modaparkyapi.com\/index.php\/author\/admin_modaparkyapi\/"},"uagb_comment_info":0,"uagb_excerpt":"B\u0130ZE ULA\u015eIN ! Projeni hayal et biz ger\u00e7ekle\u015ftirelim. Adres Dumlup\u0131nar Mah. Kuzu Sitesi A Blok Giri\u015f Kat Afyon\/Merkez \u00c7al\u0131\u015fma Saatleri Pazartesi-Cumartesi: 09.00 \/ 19.00Pazar: KAPALI Telefon 0532 065 92 83 B\u0130ZE ULA\u015eIN Size hayalinizdeki ya\u015fam alan\u0131n\u0131 sunmak i\u00e7in buraday\u0131z. Projelerimiz hakk\u0131nda bilgi almak, teklif istemek veya bir randevu planlamak i\u00e7in bizimle diledi\u011finiz zaman ileti\u015fime ge\u00e7ebilirsiniz.","_links":{"self":[{"href":"https:\/\/modaparkyapi.com\/index.php\/wp-json\/wp\/v2\/pages\/658","targetHints":{"allow":["GET"]}}],"collection":[{"href":"https:\/\/modaparkyapi.com\/index.php\/wp-json\/wp\/v2\/pages"}],"about":[{"href":"https:\/\/modaparkyapi.com\/index.php\/wp-json\/wp\/v2\/types\/page"}],"author":[{"embeddable":true,"href":"https:\/\/modaparkyapi.com\/index.php\/wp-json\/wp\/v2\/users\/1"}],"replies":[{"embeddable":true,"href":"https:\/\/modaparkyapi.com\/index.php\/wp-json\/wp\/v2\/comments?post=658"}],"version-history":[{"count":4,"href":"https:\/\/modaparkyapi.com\/index.php\/wp-json\/wp\/v2\/pages\/658\/revisions"}],"predecessor-version":[{"id":1010,"href":"https:\/\/modaparkyapi.com\/index.php\/wp-json\/wp\/v2\/pages\/658\/revisions\/1010"}],"wp:featuredmedia":[{"embeddable":true,"href":"https:\/\/modaparkyapi.com\/index.php\/wp-json\/wp\/v2\/media\/967"}],"wp:attachment":[{"href":"https:\/\/modaparkyapi.com\/index.php\/wp-json\/wp\/v2\/media?parent=658"}],"curies":[{"name":"wp","href":"https:\/\/api.w.org\/{rel}","templated":true}]}}